{"id":6964,"date":"2018-05-23T18:58:31","date_gmt":"2018-05-23T17:58:31","guid":{"rendered":"http:\/\/play-paradies-franken.de\/?page_id=6964"},"modified":"2018-06-01T09:30:04","modified_gmt":"2018-06-01T07:30:04","slug":"datenschutzerklaerung","status":"publish","type":"page","link":"https:\/\/play-paradies-franken.de\/index.php\/datenschutzerklaerung\/","title":{"rendered":"Datenschutzerkl\u00e4rung"},"content":{"rendered":"<h2>Ich bin<\/h2>\n<p>J.Sch\u00f6pf<br \/>\nMinervastr.174<br \/>\n90469 N\u00fcrnberg<\/p>\n<p>Die Adresse meiner Website ist: <a href=\"https:\/\/play-paradies-franken.de\">https:\/\/play-paradies-franken.de<\/a>.<\/p>\n<h2>Welche personenbezogenen Daten ich sammeln und warum ich sie sammeln<\/h2>\n<p>Standardm\u00e4\u00dfig sammelt WordPress keine personenbezogenen Daten \u00fcber Benutzer und sammelt nur die Daten, die im Profil eines registrierten Benutzers angezeigt werden.<\/p>\n<h2>Beitr\u00e4ge und Links<\/h2>\n<p>Bitte beachten sie den Datenschutz von folgenden Webseiten!!!!!<br \/>\n-Sunmaker.com ==> <a href=\"https:\/\/www.sunmaker.com\/de\/service-info\/datenschutz\">Zum Datenschutz<\/a><br \/>\n-Sunnyplayer.com =====> <a href=\"https:\/\/www.sunnyplayer.com\/de\/infos\/datenschutz\">Zum Datenschutz<\/a><\/p>\n<h3>Kommentare<\/h3>\n<p>Wenn Besucher Kommentare auf der Website schreiben, sammle ich die Daten, die im Kommentar-Formular angezeigt werden, au\u00dferdem die IP-Adresse des Besuchers und den User-Agent-String (damit wird der Browser identifiziert), um die Erkennung von Spam zu unterst\u00fctzen.<\/p>\n<p>Aus deiner E-Mail-Adresse kann eine anonymisierte Zeichenfolge erstellt (auch Hash genannt) und dem Gravatar-Dienst \u00fcbergeben werden, um zu pr\u00fcfen, ob du diesen benutzt. Die Datenschutzerkl\u00e4rung des Gravatar-Dienstes findest du hier: https:\/\/automattic.com\/privacy\/. Nachdem dein Kommentar freigegeben wurde, ist dein Profilbild \u00f6ffentlich im Kontext deines Kommentars sichtbar.<\/p>\n<h3>Medien<\/h3>\n<p>Wenn du ein registrierter Benutzer bist und Fotos auf diese Website l\u00e4dst, solltest du vermeiden, Fotos mit einem EXIF-GPS-Standort hochzuladen. Besucher dieser Website k\u00f6nnten Fotos, die auf dieser Website gespeichert sind, herunterladen und deren Standort-Informationen extrahieren.<\/p>\n<h3>Cookies<\/h3>\n<p>Wenn du einen Kommentar auf unserer Website schreibst, kann das eine Einwilligung sein, deinen Namen, E-Mail-Adresse und Website in Cookies zu speichern. Dies ist eine Komfortfunktion, damit du nicht, wenn du einen weiteren Kommentar schreibst, all diese Daten erneut eingeben musst. Diese Cookies werden ein Jahr lang gespeichert.<\/p>\n<p>Falls du ein Konto hast und dich auf dieser Website anmeldest, werden wir ein tempor\u00e4res Cookie setzen, um festzustellen, ob dein Browser Cookies akzeptiert. Dieses Cookie enth\u00e4lt keine personenbezogenen Daten und wird verworfen, wenn du deinen Browser schlie\u00dft.<\/p>\n<p>Wenn du dich anmeldest, werden wir einige Cookies einrichten, um deine Anmeldeinformationen und Anzeigeoptionen zu speichern. Anmelde-Cookies verfallen nach zwei Tagen und Cookies f\u00fcr die Anzeigeoptionen nach einem Jahr. Falls du bei der Anmeldung \u201eAngemeldet bleiben\u201c ausw\u00e4hlst, wird deine Anmeldung zwei Wochen lang aufrechterhalten. Mit der Abmeldung aus deinem Konto werden die Anmelde-Cookies gel\u00f6scht.<\/p>\n<p>Wenn du einen Artikel bearbeitest oder ver\u00f6ffentlichst, wird ein zus\u00e4tzlicher Cookie in deinem Browser gespeichert. Dieser Cookie enth\u00e4lt keine personenbezogenen Daten und verweist nur auf die Beitrags-ID des Artikels, den du gerade bearbeitet hast. Der Cookie verf\u00e4llt nach einem Tag.<\/p>\n<h3>Eingebettete Inhalte von anderen Websites<\/h3>\n<p>Beitr\u00e4ge auf dieser Website k\u00f6nnen eingebettete Inhalte beinhalten (z. B. Videos, Bilder, Beitr\u00e4ge etc.). Eingebettete Inhalte von anderen Websites verhalten sich exakt so, als ob der Besucher die andere Website besucht h\u00e4tte.<\/p>\n<p>Diese Websites k\u00f6nnen Daten \u00fcber dich sammeln, Cookies benutzen, zus\u00e4tzliche Tracking-Dienste von Dritten einbetten und deine Interaktion mit diesem eingebetteten Inhalt aufzeichnen, inklusive deiner Interaktion mit dem eingebetteten Inhalt, falls du ein Konto hast und auf dieser Website angemeldet bist.<\/p>\n<p>Um dieses Cookie zu l\u00f6schen oder die Cookiebehandlung generell zu ver\u00e4ndern, konsultieren Sie bitte die Hilfe Ihres Browsers. In der Regel finden sich diese Einstellungen unter Extras > Einstellungen Datenschutz (Firefox) oder unter Extras > Internetoptionen > Datenschutz (Internet Explorer).<\/p>\n<h3>Analysedienste<\/h3>\n<p>Standardm\u00e4\u00dfig sammelt WordPress keine Analysedaten. Allerdings sammeln viele Webhosting-Konten einige anonyme Analysedaten.<\/p>\n<h2>Server-Log-Dateien<\/h2>\n<p>Der Provider der Seiten erhebt und speichert automatisch Informationen in so genannten Server-Log-Dateien, die Ihr Browser automatisch an uns \u00fcbermittelt. Dies sind:<\/p>\n<p>&#8211; Browsertyp und Browserversion<br \/>\n&#8211; verwendetes Betriebssystem<br \/>\n&#8211; Referrer URL<br \/>\n&#8211; Uhrzeit der Serveranfrage<br \/>\n&#8211; IP-Adresse<\/p>\n<p>Die erzeugten Informationen werden bei dem Provider All Inkl. <a href=\"http:\/\/www.all-inkl.com\">www.all-inkl.com<\/a> in Deutschland gespeichert. Eine Weitergabe an Dritte findet nicht statt.<\/p>\n<h2>Plugin<\/h2>\n<p><strong>Akismet Anti-Spam<\/strong><br \/>\nDiese Seite nutzt das <a href=\"http:\/\/akismet.com\/\">Akismet-Plugin der <a href=\"http:\/\/automattic.com\/\">Automattic<\/a> Inc., 60 29th Street #343, San Francisco, CA 94110-4929, USA. Mit Hilfe dieses Plugins werden Kommentare von echten Menschen von Spam-Kommentaren unterschieden. Dazu werden alle Kommentarangaben an einen Server in den USA verschickt, wo sie analysiert und f\u00fcr Vergleichszwecke vier Tage lang gespeichert werden. Ist ein Kommentar als Spam eingestuft worden, werden die Daten \u00fcber diese Zeit hinaus gespeichert. Zu diesen Angaben geh\u00f6ren der eingegebene Name, die Emailadresse, die IP-Adresse, der Kommentarinhalt, der Referrer, Angaben zum verwendeten Browser sowie dem Computersystem und die Zeit des Eintrags. Sie k\u00f6nnen gerne Pseudonyme nutzen, oder auf die Eingabe des Namens oder der Emailadresse verzichten. Sie k\u00f6nnen die \u00dcbertragung der Daten komplett verhindern, in dem Sie unser Kommentarsystem nicht nutzen. Das w\u00e4re schade, aber leider sehen wir sonst keine Alternativen, die ebenso effektiv arbeiten. Sie k\u00f6nnen der Nutzung Ihrer Daten f\u00fcr die Zukunft unter <a href=\"mailto:support@wordpress.com\" target=\"_blank\">support@wordpress.com<\/a>, Betreff \u201cDeletion of Data stored by Akismet\u201d unter Angabe\/Beschreibung der gespeicherten Daten widersprechen.<\/p>\n<h2>Mit wem ich deine Daten teilen<\/h2>\n<p>Standardm\u00e4\u00dfig teilt WordPress keinerlei personenbezogene Daten mit Dritten.<\/p>\n<h2>Wie lange ich deine Daten speichern<\/h2>\n<p>Wenn du einen Kommentar schreibst, wird dieser inklusive Metadaten zeitlich unbegrenzt gespeichert. Auf diese Art k\u00f6nnte ich Folgekommentare automatisch erkennen und freigeben, anstelle sie in einer Moderations-Warteschlange festzuhalten.<\/p>\n<p>F\u00fcr Benutzer, die sich auf meiner Website registrieren, speichern wir zus\u00e4tzlich die pers\u00f6nlichen Informationen, die sie in ihren Benutzerprofilen angeben. Alle Benutzer k\u00f6nnen jederzeit ihre pers\u00f6nlichen Informationen einsehen, ver\u00e4ndern oder l\u00f6schen (der Benutzername kann nicht ver\u00e4ndert werden). Administratoren der Website k\u00f6nnen diese Informationen ebenfalls einsehen und ver\u00e4ndern.<\/p>\n<h2>Welche Rechte du an deinen Daten hast<\/h2>\n<p>Wenn du ein Konto auf dieser Website besitzt oder Kommentare geschrieben hast, kannst du einen Export deiner personenbezogenen Daten bei uns anfordern, inklusive aller Daten, die du uns mitgeteilt hast. Dar\u00fcber hinaus kannst du die L\u00f6schung aller personenbezogenen Daten, die wir von dir gespeichert haben, anfordern. Dies umfasst nicht die Daten, die ich aufgrund administrativer, rechtlicher oder sicherheitsrelevanter Notwendigkeiten aufbewahren m\u00fcssen.<\/p>\n<h2>Wohin wir deine Daten senden<\/h2>\n<p>Besucher-Kommentare k\u00f6nnten von einem automatisierten Dienst zur Spam-Erkennung untersucht werden.<\/p>\n<h2>Weitere Informationen<\/h2>\n<p><span style=\"color: #ff0000;\"><strong>Registrierung ist deaktiviert.<br \/>\nGravatar-Dienstes ist nicht aktiviert.<br \/>\nAuf dieser Webseite kann nicht kommentiert werden!!!!<\/strong><\/span><\/p>\n<h2>Deine Kontakt-Informationen<\/h2>\n<p><strong>Kontakt:<\/strong> <a href=\"http:\/\/kontakt@sport-news.ws\">kontakt@sport-news.ws<\/a><\/p>\n","protected":false},"excerpt":{"rendered":"<p>Ich bin J.Sch\u00f6pf Minervastr.174 90469 N\u00fcrnberg Die Adresse meiner Website ist: https:\/\/play-paradies-franken.de. Welche personenbezogenen Daten ich sammeln und warum ich sie sammeln Standardm\u00e4\u00dfig sammelt WordPress keine personenbezogenen Daten \u00fcber Benutzer und sammelt nur die Daten, die im Profil eines registrierten Benutzers angezeigt werden. Beitr\u00e4ge und Links Bitte beachten sie den Datenschutz von folgenden Webseiten!!!!! -Sunmaker.com [&hellip;]<\/p>\n","protected":false},"author":1,"featured_media":0,"parent":0,"menu_order":0,"comment_status":"closed","ping_status":"closed","template":"","meta":{"footnotes":""},"class_list":["post-6964","page","type-page","status-publish","hentry"],"_links":{"self":[{"href":"https:\/\/play-paradies-franken.de\/index.php\/wp-json\/wp\/v2\/pages\/6964","targetHints":{"allow":["GET"]}}],"collection":[{"href":"https:\/\/play-paradies-franken.de\/index.php\/wp-json\/wp\/v2\/pages"}],"about":[{"href":"https:\/\/play-paradies-franken.de\/index.php\/wp-json\/wp\/v2\/types\/page"}],"author":[{"embeddable":true,"href":"https:\/\/play-paradies-franken.de\/index.php\/wp-json\/wp\/v2\/users\/1"}],"replies":[{"embeddable":true,"href":"https:\/\/play-paradies-franken.de\/index.php\/wp-json\/wp\/v2\/comments?post=6964"}],"version-history":[{"count":2,"href":"https:\/\/play-paradies-franken.de\/index.php\/wp-json\/wp\/v2\/pages\/6964\/revisions"}],"predecessor-version":[{"id":6987,"href":"https:\/\/play-paradies-franken.de\/index.php\/wp-json\/wp\/v2\/pages\/6964\/revisions\/6987"}],"wp:attachment":[{"href":"https:\/\/play-paradies-franken.de\/index.php\/wp-json\/wp\/v2\/media?parent=6964"}],"curies":[{"name":"wp","href":"https:\/\/api.w.org\/{rel}","templated":true}]}}